{"id":8,"date":"2024-01-17T21:38:33","date_gmt":"2024-01-17T20:38:33","guid":{"rendered":"https:\/\/www.haas-co.de\/fr\/?page_id=8"},"modified":"2024-02-07T11:42:28","modified_gmt":"2024-02-07T10:42:28","slug":"equipe","status":"publish","type":"page","link":"https:\/\/www.haas-co.de\/fr\/equipe\/","title":{"rendered":"Equipe"},"content":{"rendered":"<div id=\"pl-gb8-69e02765da4e1\"  class=\"panel-layout\" ><div id=\"pg-gb8-69e02765da4e1-0\"  class=\"panel-grid panel-no-style\" ><div id=\"pgc-gb8-69e02765da4e1-0-0\"  class=\"panel-grid-cell\" ><div id=\"panel-gb8-69e02765da4e1-0-0-0\" class=\"so-panel widget widget_sow-image panel-first-child panel-last-child\" data-index=\"0\" ><div\n\t\t\t\n\t\t\tclass=\"so-widget-sow-image so-widget-sow-image-default-113ccd71f3e6-8\"\n\t\t\t\n\t\t>\n<div class=\"sow-image-container\">\n\t\t<img \n\tsrc=\"https:\/\/www.haas-co.de\/fr\/wp-content\/uploads\/sites\/3\/2024\/01\/Gerd_Haas_HaasCo_FR.jpg\" width=\"1000\" height=\"667\" srcset=\"https:\/\/www.haas-co.de\/fr\/wp-content\/uploads\/sites\/3\/2024\/01\/Gerd_Haas_HaasCo_FR.jpg 1000w, https:\/\/www.haas-co.de\/fr\/wp-content\/uploads\/sites\/3\/2024\/01\/Gerd_Haas_HaasCo_FR-300x200.jpg 300w, https:\/\/www.haas-co.de\/fr\/wp-content\/uploads\/sites\/3\/2024\/01\/Gerd_Haas_HaasCo_FR-768x512.jpg 768w, https:\/\/www.haas-co.de\/fr\/wp-content\/uploads\/sites\/3\/2024\/01\/Gerd_Haas_HaasCo_FR-272x182.jpg 272w\" sizes=\"(max-width: 1000px) 100vw, 1000px\" title=\"Gerd Haas\" alt=\"\" \t\tclass=\"so-widget-image\"\/>\n\t<\/div>\n\n<h3 class=\"widget-title\">Gerd Haas<\/h3><\/div><\/div><\/div><div id=\"pgc-gb8-69e02765da4e1-0-1\"  class=\"panel-grid-cell\" ><div id=\"panel-gb8-69e02765da4e1-0-1-0\" class=\"so-panel widget widget_sow-image panel-first-child panel-last-child\" data-index=\"1\" ><div\n\t\t\t\n\t\t\tclass=\"so-widget-sow-image so-widget-sow-image-default-113ccd71f3e6-8\"\n\t\t\t\n\t\t>\n<div class=\"sow-image-container\">\n\t\t<img \n\tsrc=\"https:\/\/www.haas-co.de\/fr\/wp-content\/uploads\/sites\/3\/2024\/01\/Christian-Kalb_002_FR.jpg\" width=\"975\" height=\"650\" srcset=\"https:\/\/www.haas-co.de\/fr\/wp-content\/uploads\/sites\/3\/2024\/01\/Christian-Kalb_002_FR.jpg 975w, https:\/\/www.haas-co.de\/fr\/wp-content\/uploads\/sites\/3\/2024\/01\/Christian-Kalb_002_FR-300x200.jpg 300w, https:\/\/www.haas-co.de\/fr\/wp-content\/uploads\/sites\/3\/2024\/01\/Christian-Kalb_002_FR-768x512.jpg 768w, https:\/\/www.haas-co.de\/fr\/wp-content\/uploads\/sites\/3\/2024\/01\/Christian-Kalb_002_FR-272x182.jpg 272w\" sizes=\"(max-width: 975px) 100vw, 975px\" title=\"Christian Kalb\" alt=\"\" \t\tclass=\"so-widget-image\"\/>\n\t<\/div>\n\n<h3 class=\"widget-title\">Christian Kalb<\/h3><\/div><\/div><\/div><\/div><\/div>\n\n<div id=\"pl-gb8-69e02765db475\"  class=\"panel-layout\" ><div id=\"pg-gb8-69e02765db475-0\"  class=\"panel-grid panel-no-style\" ><div id=\"pgc-gb8-69e02765db475-0-0\"  class=\"panel-grid-cell\" ><div id=\"panel-gb8-69e02765db475-0-0-0\" class=\"so-panel widget widget_sow-editor panel-first-child panel-last-child\" data-index=\"0\" ><div\n\t\t\t\n\t\t\tclass=\"so-widget-sow-editor so-widget-sow-editor-base\"\n\t\t\t\n\t\t>\n<div class=\"siteorigin-widget-tinymce textwidget\">\n\t<p>&nbsp;<\/p>\n<ul style=\"list-style-type: disc;\">\n<li><span style=\"font-size: 20px;\">Dipl\u00f4me \u00c9conomiste d&rsquo;entreprise.<\/span><\/li>\n<li><span style=\"font-size: 20px;\">Sp\u00e9cialiste informatique applicative.<\/span><\/li>\n<li><span style=\"font-size: 20px;\">Cours de troisi\u00e8me cycle Controlling.<\/span><\/li>\n<li><span style=\"font-size: 20px;\">Responsable des achats, de la gestion des approvisionnements et de la cha\u00eene logistique dans des soci\u00e9t\u00e9s d&rsquo;ing\u00e9nierie m\u00e9canique et de biens d\u2019\u00e9quipement renomm\u00e9es.<\/span><\/li>\n<li><span style=\"font-size: 20px;\">Responsable commercial et Directeur g\u00e9n\u00e9ral adjoint dans une entreprise de l&rsquo;industrie pharmaceutique.<\/span><\/li>\n<li><span style=\"font-size: 20px;\"> Manager de transition COO, CAO, CSCO, CPO, CSM<\/span><\/li>\n<li><span style=\"font-size: 20px;\">depuis 1998, associ\u00e9-g\u00e9rant de Haas &amp; Co. GmbH.<\/span><\/li>\n<li><span style=\"font-size: 20px;\">depuis 2000, associ\u00e9 directeur de per:kom GmbH.<\/span><\/li>\n<li><span style=\"font-size: 20px;\">Conf\u00e9rences invit\u00e9es dans des \u00e9coles sp\u00e9cialis\u00e9es.<\/span><\/li>\n<li><span style=\"font-size: 20px;\">Charg\u00e9 de s\u00e9minaires dans les chambres d&rsquo;industrie et de commerce.<\/span><\/li>\n<li><span style=\"font-size: 20px;\">Charg\u00e9 de cours pour l&rsquo;Universit\u00e9 des Sciences Appliqu\u00e9es de Riedlingen.<\/span><\/li>\n<li><span style=\"font-size: 20px;\">Auteur d&rsquo;ouvrages publi\u00e9s .<\/span><\/li>\n<li><span style=\"font-size: 20px;\">Plus de 35 ans d&rsquo;exp\u00e9rience professionnelle, dont plus de 20 ans en tant que consultant ind\u00e9pendant, dans des entreprises de diff\u00e9rents secteurs et tailles.<\/span><\/li>\n<\/ul>\n<p>&nbsp;<\/p>\n<p>&nbsp;<\/p>\n<\/div>\n<\/div><\/div><\/div><div id=\"pgc-gb8-69e02765db475-0-1\"  class=\"panel-grid-cell\" ><div id=\"panel-gb8-69e02765db475-0-1-0\" class=\"so-panel widget widget_sow-editor panel-first-child panel-last-child\" data-index=\"1\" ><div\n\t\t\t\n\t\t\tclass=\"so-widget-sow-editor so-widget-sow-editor-base\"\n\t\t\t\n\t\t>\n<div class=\"siteorigin-widget-tinymce textwidget\">\n\t<p>&nbsp;<\/p>\n<ul style=\"list-style-type: disc;\">\n<li><span style=\"font-size: 20px;\">Dipl\u00f4me Universitaire de Technologie\u00a0: G\u00e9nie M\u00e9canique<\/span><br \/>\n<span style=\"font-size: 20px;\">Master 1 : Automatisation de la production<\/span><br \/>\n<span style=\"font-size: 20px;\">Master 2 : Achats et N\u00e9gociations Industrielles<\/span><\/li>\n<li><span style=\"font-size: 20px;\"> Manager de transition<\/span><\/li>\n<li><span style=\"font-size: 20px;\"> Responsable des achats, de l&rsquo;approvisionnement mondial, de la cha\u00eene d&rsquo;approvisionnement et de la gestion de la production, dans des entreprises renomm\u00e9es de l&rsquo;industrie.<\/span><\/li>\n<li><span style=\"font-size: 20px;\">Chef de projet pour divers projets informatiques et num\u00e9riques<\/span><\/li>\n<li><span style=\"font-size: 20px;\">Auditeur selon EN\/ISO 50001 et EN\/ISO 9001<\/span><\/li>\n<li><span style=\"font-size: 20px;\">Certifi\u00e9 APICS CPIM<\/span><\/li>\n<li><span style=\"font-size: 20px;\">Plus de 35 ans d&rsquo;exp\u00e9rience professionnelle dans des entreprises de diff\u00e9rentes industries et tailles.<\/span><\/li>\n<\/ul>\n<p>&nbsp;<\/p>\n<\/div>\n<\/div><\/div><\/div><\/div><\/div>","protected":false},"excerpt":{"rendered":"","protected":false},"author":1,"featured_media":0,"parent":0,"menu_order":0,"comment_status":"closed","ping_status":"closed","template":"","meta":{"footnotes":""},"class_list":["post-8","page","type-page","status-publish","hentry","entry"],"_links":{"self":[{"href":"https:\/\/www.haas-co.de\/fr\/wp-json\/wp\/v2\/pages\/8","targetHints":{"allow":["GET"]}}],"collection":[{"href":"https:\/\/www.haas-co.de\/fr\/wp-json\/wp\/v2\/pages"}],"about":[{"href":"https:\/\/www.haas-co.de\/fr\/wp-json\/wp\/v2\/types\/page"}],"author":[{"embeddable":true,"href":"https:\/\/www.haas-co.de\/fr\/wp-json\/wp\/v2\/users\/1"}],"replies":[{"embeddable":true,"href":"https:\/\/www.haas-co.de\/fr\/wp-json\/wp\/v2\/comments?post=8"}],"version-history":[{"count":10,"href":"https:\/\/www.haas-co.de\/fr\/wp-json\/wp\/v2\/pages\/8\/revisions"}],"predecessor-version":[{"id":135,"href":"https:\/\/www.haas-co.de\/fr\/wp-json\/wp\/v2\/pages\/8\/revisions\/135"}],"wp:attachment":[{"href":"https:\/\/www.haas-co.de\/fr\/wp-json\/wp\/v2\/media?parent=8"}],"curies":[{"name":"wp","href":"https:\/\/api.w.org\/{rel}","templated":true}]}}