{"id":6,"date":"2024-01-17T21:37:33","date_gmt":"2024-01-17T20:37:33","guid":{"rendered":"https:\/\/www.haas-co.de\/fr\/?page_id=6"},"modified":"2024-02-21T09:57:09","modified_gmt":"2024-02-21T08:57:09","slug":"haas-co-poursuivre","status":"publish","type":"page","link":"https:\/\/www.haas-co.de\/fr\/","title":{"rendered":"Haas &#038; Co Poursuivre"},"content":{"rendered":"<div class=\"n2_clear\"><ss3-force-full-width data-overflow-x=\"body\" data-horizontal-selector=\"body\"><div class=\"n2-section-smartslider fitvidsignore  n2_clear\" data-ssid=\"2\"><div id=\"n2-ss-2-align\" class=\"n2-ss-align\"><div class=\"n2-padding\"><div id=\"n2-ss-2\" data-creator=\"Smart Slider 3\" data-responsive=\"fullwidth\" class=\"n2-ss-slider n2-ow n2-has-hover n2notransition  \"><div class=\"n2-ss-slider-wrapper-inside\">\n        <div class=\"n2-ss-slider-1 n2_ss__touch_element n2-ow\">\n            <div class=\"n2-ss-slider-2 n2-ow\">\n                                                <div class=\"n2-ss-slider-3 n2-ow\">\n\n                    <div class=\"n2-ss-slide-backgrounds n2-ow-all\"><div class=\"n2-ss-slide-background\" data-public-id=\"1\" data-mode=\"fill\"><div class=\"n2-ss-slide-background-image\" data-blur=\"0\" data-opacity=\"100\" data-x=\"50\" data-y=\"50\" data-alt=\"\" data-title=\"\"><picture class=\"skip-lazy\" data-skip-lazy=\"1\"><img decoding=\"async\" src=\"\/\/www.haas-co.de\/fr\/wp-content\/uploads\/sites\/3\/2024\/01\/HaasCo_001_FR.jpg\" alt=\"\" title=\"\" loading=\"lazy\" class=\"skip-lazy\" data-skip-lazy=\"1\"><\/picture><\/div><div data-color=\"RGBA(255,255,255,0)\" style=\"background-color: RGBA(255,255,255,0);\" class=\"n2-ss-slide-background-color\"><\/div><\/div><div class=\"n2-ss-slide-background\" data-public-id=\"2\" data-mode=\"fill\" aria-hidden=\"true\"><div class=\"n2-ss-slide-background-image\" data-blur=\"0\" data-opacity=\"100\" data-x=\"50\" data-y=\"50\" data-alt=\"\" data-title=\"\"><picture class=\"skip-lazy\" data-skip-lazy=\"1\"><img decoding=\"async\" src=\"\/\/www.haas-co.de\/fr\/wp-content\/uploads\/sites\/3\/2024\/01\/HaasCo_003_FR.jpg\" alt=\"\" title=\"\" loading=\"lazy\" class=\"skip-lazy\" data-skip-lazy=\"1\"><\/picture><\/div><div data-color=\"RGBA(255,255,255,0)\" style=\"background-color: RGBA(255,255,255,0);\" class=\"n2-ss-slide-background-color\"><\/div><\/div><div class=\"n2-ss-slide-background\" data-public-id=\"3\" data-mode=\"fill\" aria-hidden=\"true\"><div class=\"n2-ss-slide-background-image\" data-blur=\"0\" data-opacity=\"100\" data-x=\"50\" data-y=\"50\" data-alt=\"\" data-title=\"\"><picture class=\"skip-lazy\" data-skip-lazy=\"1\"><img decoding=\"async\" src=\"\/\/www.haas-co.de\/fr\/wp-content\/uploads\/sites\/3\/2024\/01\/HaasCo_004_FR.jpg\" alt=\"\" title=\"\" loading=\"lazy\" class=\"skip-lazy\" data-skip-lazy=\"1\"><\/picture><\/div><div data-color=\"RGBA(255,255,255,0)\" style=\"background-color: RGBA(255,255,255,0);\" class=\"n2-ss-slide-background-color\"><\/div><\/div><div class=\"n2-ss-slide-background\" data-public-id=\"4\" data-mode=\"fill\" aria-hidden=\"true\"><div class=\"n2-ss-slide-background-image\" data-blur=\"0\" data-opacity=\"100\" data-x=\"50\" data-y=\"50\" data-alt=\"\" data-title=\"\"><picture class=\"skip-lazy\" data-skip-lazy=\"1\"><img decoding=\"async\" src=\"\/\/www.haas-co.de\/fr\/wp-content\/uploads\/sites\/3\/2024\/02\/HaasCo_007_FR.jpg\" alt=\"\" title=\"\" loading=\"lazy\" class=\"skip-lazy\" data-skip-lazy=\"1\"><\/picture><\/div><div data-color=\"RGBA(255,255,255,0)\" style=\"background-color: RGBA(255,255,255,0);\" class=\"n2-ss-slide-background-color\"><\/div><\/div><div class=\"n2-ss-slide-background\" data-public-id=\"5\" data-mode=\"fill\" aria-hidden=\"true\"><div class=\"n2-ss-slide-background-image\" data-blur=\"0\" data-opacity=\"100\" data-x=\"50\" data-y=\"59\" data-alt=\"\" data-title=\"\" style=\"--ss-o-pos-y:59%\"><picture class=\"skip-lazy\" data-skip-lazy=\"1\"><img decoding=\"async\" src=\"\/\/www.haas-co.de\/fr\/wp-content\/uploads\/sites\/3\/2024\/03\/fix-the-gap-with-us_003_FR\u00aeFotostudio-Ale-Zea.jpg\" alt=\"\" title=\"\" loading=\"lazy\" class=\"skip-lazy\" data-skip-lazy=\"1\"><\/picture><\/div><div data-color=\"RGBA(255,255,255,0)\" style=\"background-color: RGBA(255,255,255,0);\" class=\"n2-ss-slide-background-color\"><\/div><\/div><\/div>                    <div class=\"n2-ss-slider-4 n2-ow\">\n                        <svg xmlns=\"http:\/\/www.w3.org\/2000\/svg\" viewBox=\"0 0 1200 1300\" data-related-device=\"desktopPortrait\" class=\"n2-ow n2-ss-preserve-size n2-ss-preserve-size--slider n2-ss-slide-limiter\"><\/svg><div data-first=\"1\" data-slide-duration=\"0\" data-id=\"6\" data-slide-public-id=\"1\" data-title=\"Haas&amp;Co_001_FR\" class=\"n2-ss-slide n2-ow  n2-ss-slide-6\"><div role=\"note\" class=\"n2-ss-slide--focus\" tabindex=\"-1\">Haas&#038;Co_001_FR<\/div><div class=\"n2-ss-layers-container n2-ss-slide-limiter n2-ow\"><div class=\"n2-ss-layer n2-ow n-uc-IqeN0Wt9f3w3\" data-sstype=\"slide\" data-pm=\"default\"><\/div><\/div><\/div><div data-slide-duration=\"0\" data-id=\"4\" data-slide-public-id=\"2\" aria-hidden=\"true\" data-title=\"Haas&amp;Co_003_FR\" class=\"n2-ss-slide n2-ow  n2-ss-slide-4\"><div role=\"note\" class=\"n2-ss-slide--focus\" tabindex=\"-1\">Haas&#038;Co_003_FR<\/div><div class=\"n2-ss-layers-container n2-ss-slide-limiter n2-ow\"><div class=\"n2-ss-layer n2-ow n-uc-iLc7on8qMLRW\" data-sstype=\"slide\" data-pm=\"default\"><\/div><\/div><\/div><div data-slide-duration=\"0\" data-id=\"3\" data-slide-public-id=\"3\" aria-hidden=\"true\" data-title=\"Haas&amp;Co_004_FR\" class=\"n2-ss-slide n2-ow  n2-ss-slide-3\"><div role=\"note\" class=\"n2-ss-slide--focus\" tabindex=\"-1\">Haas&#038;Co_004_FR<\/div><div class=\"n2-ss-layers-container n2-ss-slide-limiter n2-ow\"><div class=\"n2-ss-layer n2-ow n-uc-fu5HEi0ZNkAY\" data-sstype=\"slide\" data-pm=\"default\"><\/div><\/div><\/div><div data-slide-duration=\"0\" data-id=\"9\" data-slide-public-id=\"4\" aria-hidden=\"true\" data-title=\"Haas&amp;Co_007_FR\" class=\"n2-ss-slide n2-ow  n2-ss-slide-9\"><div role=\"note\" class=\"n2-ss-slide--focus\" tabindex=\"-1\">Haas&#038;Co_007_FR<\/div><div class=\"n2-ss-layers-container n2-ss-slide-limiter n2-ow\"><div class=\"n2-ss-layer n2-ow n-uc-UKN8eP9HXxkE\" data-sstype=\"slide\" data-pm=\"default\"><\/div><\/div><\/div><div data-slide-duration=\"0\" data-id=\"10\" data-slide-public-id=\"5\" aria-hidden=\"true\" data-title=\"fix the gap with us_003_FR\u00aeFotostudio Ale Zea\" class=\"n2-ss-slide n2-ow  n2-ss-slide-10\"><div role=\"note\" class=\"n2-ss-slide--focus\" tabindex=\"-1\">fix the gap with us_003_FR\u00aeFotostudio Ale Zea<\/div><div class=\"n2-ss-layers-container n2-ss-slide-limiter n2-ow\"><div class=\"n2-ss-layer n2-ow n-uc-mN6UasKLiJrn\" data-sstype=\"slide\" data-pm=\"default\"><\/div><\/div><\/div>                    <\/div>\n\n                                    <\/div>\n            <\/div>\n        <\/div>\n        <div class=\"n2-ss-slider-controls n2-ss-slider-controls-absolute-left-center\"><div style=\"--widget-offset:15px;\" class=\"n2-ss-widget nextend-arrow n2-ow-all nextend-arrow-previous  nextend-arrow-animated-fade\" data-hide-mobileportrait=\"1\" id=\"n2-ss-2-arrow-previous\" role=\"button\" aria-label=\"previous arrow\" tabindex=\"0\"><img loading=\"lazy\" decoding=\"async\" width=\"32\" height=\"32\" class=\"skip-lazy\" data-skip-lazy=\"1\" src=\"data:image\/svg+xml;base64,PHN2ZyB3aWR0aD0iMzIiIGhlaWdodD0iMzIiIHZpZXdCb3g9IjAgMCAzMiAzMiIgeG1sbnM9Imh0dHA6Ly93d3cudzMub3JnLzIwMDAvc3ZnIj4KICAgIDxwYXRoIGQ9Ik0xMS40MzMgMTUuOTkyTDIyLjY5IDUuNzEyYy4zOTMtLjM5LjM5My0xLjAzIDAtMS40Mi0uMzkzLS4zOS0xLjAzLS4zOS0xLjQyMyAwbC0xMS45OCAxMC45NGMtLjIxLjIxLS4zLjQ5LS4yODUuNzYtLjAxNS4yOC4wNzUuNTYuMjg0Ljc3bDExLjk4IDEwLjk0Yy4zOTMuMzkgMS4wMy4zOSAxLjQyNCAwIC4zOTMtLjQuMzkzLTEuMDMgMC0xLjQybC0xMS4yNTctMTAuMjkiCiAgICAgICAgICBmaWxsPSIjZmZmZmZmIiBvcGFjaXR5PSIwLjgiIGZpbGwtcnVsZT0iZXZlbm9kZCIvPgo8L3N2Zz4=\" alt=\"previous arrow\"><\/div><\/div><div class=\"n2-ss-slider-controls n2-ss-slider-controls-absolute-right-center\"><div style=\"--widget-offset:15px;\" class=\"n2-ss-widget nextend-arrow n2-ow-all nextend-arrow-next  nextend-arrow-animated-fade\" data-hide-mobileportrait=\"1\" id=\"n2-ss-2-arrow-next\" role=\"button\" aria-label=\"next arrow\" tabindex=\"0\"><img loading=\"lazy\" decoding=\"async\" width=\"32\" height=\"32\" class=\"skip-lazy\" data-skip-lazy=\"1\" src=\"data:image\/svg+xml;base64,PHN2ZyB3aWR0aD0iMzIiIGhlaWdodD0iMzIiIHZpZXdCb3g9IjAgMCAzMiAzMiIgeG1sbnM9Imh0dHA6Ly93d3cudzMub3JnLzIwMDAvc3ZnIj4KICAgIDxwYXRoIGQ9Ik0xMC43MjIgNC4yOTNjLS4zOTQtLjM5LTEuMDMyLS4zOS0xLjQyNyAwLS4zOTMuMzktLjM5MyAxLjAzIDAgMS40MmwxMS4yODMgMTAuMjgtMTEuMjgzIDEwLjI5Yy0uMzkzLjM5LS4zOTMgMS4wMiAwIDEuNDIuMzk1LjM5IDEuMDMzLjM5IDEuNDI3IDBsMTIuMDA3LTEwLjk0Yy4yMS0uMjEuMy0uNDkuMjg0LS43Ny4wMTQtLjI3LS4wNzYtLjU1LS4yODYtLjc2TDEwLjcyIDQuMjkzeiIKICAgICAgICAgIGZpbGw9IiNmZmZmZmYiIG9wYWNpdHk9IjAuOCIgZmlsbC1ydWxlPSJldmVub2RkIi8+Cjwvc3ZnPg==\" alt=\"next arrow\"><\/div><\/div><\/div><\/div><ss3-loader><\/ss3-loader><\/div><\/div><div class=\"n2_clear\"><\/div><\/div><\/ss3-force-full-width><\/div>\n\n\n<p>\u00a0<\/p>\n<p><span style=\"font-size: 20px;\">Les entreprises de tous secteurs et de toutes tailles ont de plus en plus de difficult\u00e9s \u00e0 recruter des cadres et cadres dirigeants, ayant \u00e0 la fois les comp\u00e9tences techniques, sociales et la capacit\u00e9 de les transposer dans de nouveaux contextes. Par ailleurs, lier ces personnes durablement \u00e0 l&rsquo;entreprise devient \u00e9galement un challenge.<\/span><\/p>\n<p><span style=\"font-size: 20px;\">La r\u00e9ponse \u00e0 cette probl\u00e9matique\u00a0<strong>le management de projet\/int\u00e9rim,<\/strong>\u00a0bas\u00e9 sur une expertise externe !\u00a0<\/span><\/p>\n\n\n<div class=\"wp-block-image\">\n<figure class=\"aligncenter size-full\"><img loading=\"lazy\" decoding=\"async\" width=\"600\" height=\"153\" src=\"https:\/\/www.haas-co.de\/fr\/wp-content\/uploads\/sites\/3\/2024\/02\/Logo-HaasCo-GmbH-_FR.png\" alt=\"\" class=\"wp-image-146\" srcset=\"https:\/\/www.haas-co.de\/fr\/wp-content\/uploads\/sites\/3\/2024\/02\/Logo-HaasCo-GmbH-_FR.png 600w, https:\/\/www.haas-co.de\/fr\/wp-content\/uploads\/sites\/3\/2024\/02\/Logo-HaasCo-GmbH-_FR-300x77.png 300w\" sizes=\"auto, (max-width: 600px) 100vw, 600px\" \/><\/figure>\n<\/div>\n\n\n<p>\u00a0<\/p>\n<p><span style=\"font-size: 20px;\">Soci\u00e9t\u00e9 de conseil, ax\u00e9e sur les entreprises de taille moyenne, a \u00e9t\u00e9 fond\u00e9e en 1998 par l&rsquo;associ\u00e9 g\u00e9rant et plusieurs conseillers fiscaux.<\/span><\/p>\n<p><span style=\"font-size: 20px;\">Sur cette base, le spectre de client\u00e8le comprend presque tous les types d\u2019industries, des prestataires de services, ainsi que des organismes publics.<\/span><\/p>\n<p><span style=\"font-size: 20px;\">Le\u00a0<strong>portefeuille de conseil actuel<\/strong>\u00a0se concentre sur\u00a0<strong>la gestion\/le contr\u00f4le de projet,<\/strong> en particulier dans les domaines des achats, de la gestion des stocks, de la cha\u00eene d&rsquo;approvisionnement, de la gestion de l&rsquo;\u00e9nergie\/de la qualit\u00e9 (ISO 50001 \/ ISO 9001). Ces prestations sont adapt\u00e9es au contexte : Audit, Consulting, management <strong>de transition et accompagnement des \u00e9quipiers\u00a0du client dans la prise de poste.<\/strong><\/span><\/p>\n<p><span style=\"font-size: 20px;\">Outre la d\u00e9finition de la strat\u00e9gie la plus adapt\u00e9e, le concept de conseil comprend \u00e9galement la responsabilit\u00e9 du d\u00e9ploiement op\u00e9rationnel chez le client. A cet effet, l\u2019action la plus appropri\u00e9e est identifi\u00e9e \u00e0 partir des sc\u00e9narios pertinents valid\u00e9s et, mise en \u0153uvre avec les \u00e9quipes <strong>\u2192<\/strong>\u00a0<strong>le savoir-faire acquis reste dans l&rsquo;entreprise !\u00a0<\/strong><\/span><\/p>\n<p><span style=\"font-size: 20px;\">La mise en \u0153uvre s&rsquo;effectue en tenant compte des ressources disponibles, gr\u00e2ce \u00e0 une gestion et un contr\u00f4le de projet coh\u00e9rents ainsi qu&rsquo;\u00e0 un encadrement de proximit\u00e9.<\/span><\/p>\n","protected":false},"excerpt":{"rendered":"<p>\u00a0 Les entreprises de tous secteurs et de toutes tailles ont de plus en plus de difficult\u00e9s \u00e0 recruter des cadres et cadres dirigeants, ayant \u00e0 la fois les comp\u00e9tences techniques, sociales et la capacit\u00e9 de les transposer dans de nouveaux contextes. Par ailleurs, lier ces personnes durablement \u00e0 l&rsquo;entreprise devient \u00e9galement un challenge. La&hellip;<\/p>\n<p class=\"more\"><a class=\"more-link\" href=\"https:\/\/www.haas-co.de\/fr\/\">Continue reading <span class=\"screen-reader-text\">Haas &#038; Co Poursuivre<\/span><\/a><\/p>\n","protected":false},"author":1,"featured_media":0,"parent":0,"menu_order":0,"comment_status":"closed","ping_status":"closed","template":"page-templates\/narrow.php","meta":{"footnotes":""},"class_list":["post-6","page","type-page","status-publish","hentry","entry"],"_links":{"self":[{"href":"https:\/\/www.haas-co.de\/fr\/wp-json\/wp\/v2\/pages\/6","targetHints":{"allow":["GET"]}}],"collection":[{"href":"https:\/\/www.haas-co.de\/fr\/wp-json\/wp\/v2\/pages"}],"about":[{"href":"https:\/\/www.haas-co.de\/fr\/wp-json\/wp\/v2\/types\/page"}],"author":[{"embeddable":true,"href":"https:\/\/www.haas-co.de\/fr\/wp-json\/wp\/v2\/users\/1"}],"replies":[{"embeddable":true,"href":"https:\/\/www.haas-co.de\/fr\/wp-json\/wp\/v2\/comments?post=6"}],"version-history":[{"count":10,"href":"https:\/\/www.haas-co.de\/fr\/wp-json\/wp\/v2\/pages\/6\/revisions"}],"predecessor-version":[{"id":148,"href":"https:\/\/www.haas-co.de\/fr\/wp-json\/wp\/v2\/pages\/6\/revisions\/148"}],"wp:attachment":[{"href":"https:\/\/www.haas-co.de\/fr\/wp-json\/wp\/v2\/media?parent=6"}],"curies":[{"name":"wp","href":"https:\/\/api.w.org\/{rel}","templated":true}]}}