{"id":22,"date":"2024-01-17T21:43:54","date_gmt":"2024-01-17T20:43:54","guid":{"rendered":"https:\/\/www.haas-co.de\/fr\/?page_id=22"},"modified":"2024-04-19T12:24:03","modified_gmt":"2024-04-19T10:24:03","slug":"actuel","status":"publish","type":"page","link":"https:\/\/www.haas-co.de\/fr\/actuel\/","title":{"rendered":"Actuel"},"content":{"rendered":"<div class=\"n2_clear\"><ss3-force-full-width data-overflow-x=\"body\" data-horizontal-selector=\"body\"><div class=\"n2-section-smartslider fitvidsignore  n2_clear\" data-ssid=\"3\"><div id=\"n2-ss-3-align\" class=\"n2-ss-align\"><div class=\"n2-padding\"><div id=\"n2-ss-3\" data-creator=\"Smart Slider 3\" data-responsive=\"fullwidth\" class=\"n2-ss-slider n2-ow n2-has-hover n2notransition  \">\n        <div class=\"n2-ss-slider-1 n2_ss__touch_element n2-ow\">\n            <div class=\"n2-ss-slider-2 n2-ow\">\n                                                <div class=\"n2-ss-slider-3 n2-ow\">\n\n                    <div class=\"n2-ss-slide-backgrounds n2-ow-all\"><div class=\"n2-ss-slide-background\" data-public-id=\"1\" data-mode=\"fill\"><div class=\"n2-ss-slide-background-image\" data-blur=\"0\" data-opacity=\"100\" data-x=\"50\" data-y=\"50\" data-alt=\"\" data-title=\"\"><picture class=\"skip-lazy\" data-skip-lazy=\"1\"><img decoding=\"async\" src=\"\/\/www.haas-co.de\/fr\/wp-content\/uploads\/sites\/3\/2024\/01\/Actuel_FR.jpg\" alt=\"\" title=\"\" loading=\"lazy\" class=\"skip-lazy\" data-skip-lazy=\"1\"><\/picture><\/div><div data-color=\"RGBA(255,255,255,0)\" style=\"background-color: RGBA(255,255,255,0);\" class=\"n2-ss-slide-background-color\"><\/div><\/div><\/div>                    <div class=\"n2-ss-slider-4 n2-ow\">\n                        <svg xmlns=\"http:\/\/www.w3.org\/2000\/svg\" viewBox=\"0 0 1200 1200\" data-related-device=\"desktopPortrait\" class=\"n2-ow n2-ss-preserve-size n2-ss-preserve-size--slider n2-ss-slide-limiter\"><\/svg><div data-first=\"1\" data-slide-duration=\"0\" data-id=\"7\" data-slide-public-id=\"1\" data-title=\"Actuel_FR\" class=\"n2-ss-slide n2-ow  n2-ss-slide-7\"><div role=\"note\" class=\"n2-ss-slide--focus\" tabindex=\"-1\">Actuel_FR<\/div><div class=\"n2-ss-layers-container n2-ss-slide-limiter n2-ow\"><div class=\"n2-ss-layer n2-ow n-uc-yWqtmfMwvIsD\" data-sstype=\"slide\" data-pm=\"default\"><\/div><\/div><\/div>                    <\/div>\n\n                                    <\/div>\n            <\/div>\n        <\/div>\n        <\/div><ss3-loader><\/ss3-loader><\/div><\/div><div class=\"n2_clear\"><\/div><\/div><\/ss3-force-full-width><\/div>\n\n\n<h2>\u00a0<\/h2>\n<h2><span style=\"font-size: 24px;\"><strong>Actualit\u00e9s au T2-2024<\/strong><\/span><\/h2>\n\n\n\n<p><span style=\"font-size: 24px;\"><strong style=\"color: var(--color-base);\">D<\/strong><strong style=\"color: var(--color-base);\">irective sur le reporting d\u00e9veloppement durable des entreprises<\/strong><strong style=\"color: var(--color-base);\">\u00a0:<\/strong><\/span><\/p>\n<p><span style=\"font-size: 20px;\"><strong>\u2192 <\/strong>Un nouveau chapitre dans le reporting d\u2019entreprise<\/span><\/p>\n<p><br \/><span style=\"font-size: 20px;\">La directive CSRD (Corporate Sustainability Reporting Directive) de l&rsquo;Union europ\u00e9enne marque un tournant dans le reporting d\u00e9veloppement durable et, avec <\/span><span style=\"font-size: 20px;\">l&rsquo;introduction de cette directive \u00e0 partir de janvier 2024, fixe de nouvelles normes en mati\u00e8re de transparence et de responsabilit\u00e9 des entreprises.<\/span><\/p>\n<p><span style=\"font-size: 20px;\">D\u00e9sormais, les grandes entreprises d&rsquo;int\u00e9r\u00eat public et plus de 500 salari\u00e9s doivent r\u00e9pondre \u00e0 ces exigences et, par exemple, rendre compte de leurs objectifs de d\u00e9veloppement durable, des effets n\u00e9gatifs importants de leurs activit\u00e9s et des ressources immat\u00e9rielles jusqu&rsquo;alors non comptabilis\u00e9es. La ligne directrice sera progressivement \u00e9tendue \u00e0 d&rsquo;autres entreprises afin <u>de garantir un reporting complet dans l&rsquo;int\u00e9r\u00eat des parties prenantes et du public <\/u><\/span><\/p>\n<p><span style=\"font-size: 20px;\">Dans ce contexte, il est donc n\u00e9cessaire d&rsquo;examiner en d\u00e9tail dans quelle mesure ce sujet influence les mod\u00e8les \u00e9conomiques existants ou pr\u00e9vus.<\/span><\/p>\n<p><span style=\"font-size: 20px;\">Sachant que les clients, les investisseurs et le public en particulier ne s&rsquo;int\u00e9ressent plus seulement aux valeurs financi\u00e8res et aux chiffres cl\u00e9s \u00ab durs \u00bb, mais attendent \u00e9galement des entreprises qu&rsquo;elles assument leurs responsabilit\u00e9s en connaissant et dans le cadre des impacts \u00e9cologiques et sociaux de leurs mod\u00e8les \u00e9conomiques. Pour ma\u00eetriser le d\u00e9veloppement durable, il est donc judicieux de v\u00e9rifier leur durabilit\u00e9 et, si n\u00e9cessaire, de la r\u00e9aligner.<\/span><\/p>\n<p><span style=\"font-size: 20px;\">Cette th\u00e8se a \u00e9t\u00e9 confirm\u00e9e par diverses enqu\u00eates r\u00e9alis\u00e9es par des soci\u00e9t\u00e9s de conseil renomm\u00e9es dans leur spectre de client\u00e8le.<\/span><\/p>\n<p><span style=\"font-size: 20px;\">En r\u00e9sum\u00e9, <strong>les nouvelles r\u00e9glementations posent <\/strong>aux entreprises des d\u00e9fis d&rsquo;une part, mais offrent \u00e9galement des opportunit\u00e9s de se diff\u00e9rencier de leurs concurrents et de renforcer, voire d&rsquo;\u00e9largir, leur propre position sur le march\u00e9.<\/span><\/p>\n<p><span style=\"font-size: 20px;\">Forts de notre exp\u00e9rience dans la gestion et le contr\u00f4le de projets transversaux et multifonctionnels, nous serions heureux de vous accompagner dans la mise en \u0153uvre du CSRD dans votre entreprise &#8211; soit de mani\u00e8re consultative et\/ou active.<\/span><br \/><br \/><\/p>\n<p><span style=\"font-size: 20px;\">Christian Kalb (auditeur + chef de projet\/int\u00e9rim &#8211; Haas &amp; Co. GmbH)<\/span><\/p>\n<p><span style=\"font-size: 20px;\">Gerd Haas (chef de projet\/int\u00e9rimaire &#8211; Haas &amp; Co. GmbH)<\/span><\/p>\n<p><span style=\"font-size: 20px;\">Prof. Dr. V. Steinh\u00fcbel (Contr\u00f4le de projet &#8211; IFC Ebert GmbH)<\/span><\/p>\n\n\n\n<h1>\u00a0<\/h1>\n<h1 style=\"text-align: left;\"><span style=\"font-size: 24px;\">Le<strong> management de transition comme facteur de levier<br \/>dans les achats, la gestion des mati\u00e8res et la gestion de la cha\u00eene d&rsquo;approvisionnement<\/strong><\/span><\/h1>\n\n\n\n<p><span style=\"font-size: 20px;\">Les entreprises de tous secteurs et de toutes tailles ont de plus en plus de difficult\u00e9s \u00e0 recruter des cadres et cadres dirigeants, ayant \u00e0 la fois les comp\u00e9tences techniques, sociales et la capacit\u00e9 de les transposer dans de nouveaux contextes. Par ailleurs, lier ces personnes durablement \u00e0 l&rsquo;entreprise\u00a0devient \u00e9galement un challenge.<\/span><\/p>\n<p><span style=\"font-size: 20px;\">Cela s&rsquo;applique en particulier dans les achats, la gestion des stocks et la gestion de la cha\u00eene d\u2019approvisionnement, fonctions ayant un impact cons\u00e9quent sur les r\u00e9sultats de l&rsquo;entreprise.<\/span><\/p>\n<p><span style=\"font-size: 20px;\">Dans ce cadre, nous travaillons depuis plusieurs ann\u00e9es, pour un groupe d&rsquo;entreprises bas\u00e9 \u00e0 Stuttgart.\u00a0Notre palette de missions en management de transition s&rsquo;est successivement adapt\u00e9e \u00e0 l&rsquo;\u00e9volution du contexte :<\/span><\/p>\n<ul>\n<li><span style=\"font-size: 20px;\">Sourcing &#8211; avec un accent sur l&rsquo;Europe (objectif strat\u00e9gique &#8211; r\u00e9duire la d\u00e9pendance aux cha\u00eenes de valeur mondiales),<\/span><\/li>\n<li><span style=\"font-size: 20px;\">Benchmarking \u2013 ren\u00e9gociation des contrats existants, conditions de paiement\/livraison et autres aspects pertinents,<\/span><\/li>\n<li><span style=\"font-size: 20px;\">D\u00e9veloppement \/ coaching d&#8217;employ\u00e9s cl\u00e9s vers des postes de direction,<\/span><\/li>\n<li><span style=\"font-size: 20px;\">Gestion des fonctions selon des objectifs d\u00e9finis, et, sur la base d\u2019indicateurs et chiffres cl\u00e9s,<\/span><\/li>\n<li><span style=\"font-size: 20px;\">Gestion de projet pour optimiser les processus\/structures d&rsquo;entreprise et les investissements<\/span><\/li>\n<\/ul>\n<p><span style=\"font-size: 20px;\">En outre, nous planifions et d\u00e9crivons, par exemple, le processus pour un approvisionnement durablement r\u00e9ussi, que nous mettons ensuite en \u0153uvre avec les \u00e9quipes du client, et, sur la base de notre m\u00e9thode tong-strategy\u00ae d\u00e9velopp\u00e9e et \u00e9prouv\u00e9e par nous-m\u00eames \u2013<\/span><\/p>\n<p><span style=\"font-size: 20px;\">Nous soutenons les employ\u00e9s cl\u00e9s et managers dans la pr\u00e9paration et la conduite des n\u00e9gociations strat\u00e9giques\u00a0: retour d&rsquo;exp\u00e9rience constructif avec des d\u00e9marches d&rsquo;am\u00e9lioration de la performance individuelle de n\u00e9gociation &#8211; coordination des \u00e9quipes projets multifonctionnelles internes et externes &#8211; &#8230;<\/span><\/p>\n<p><span style=\"font-size: 20px;\"><strong>\u2192\u00a0Les gains (globaux) de r\u00e9sultats obtenus avec le management de transition pour les entreprises que nous accompagnons sont g\u00e9n\u00e9ralement de 5 \u00e0 10 % !<\/strong><\/span><\/p>\n<p><span style=\"font-size: 20px;\"><strong>Devenez la r\u00e9f\u00e9rence sur votre segment de march\u00e9.<\/strong><\/span><\/p>\n<p><span style=\"font-size: 20px;\">Nous proposons les variantes suivantes comme mod\u00e8les de r\u00e9mun\u00e9ration pour notre conseil en performance de n\u00e9gociation\u00a0:<\/span><\/p>\n<ul>\n<li><span style=\"font-size: 20px;\">taux journalier,<\/span><\/li>\n<li><span style=\"font-size: 20px;\">forfait,<\/span><\/li>\n<li><span style=\"font-size: 20px;\">partage des profits,<\/span><\/li>\n<li><span style=\"font-size: 20px;\">formes mixtes,<\/span><\/li>\n<\/ul>\n","protected":false},"excerpt":{"rendered":"<p>\u00a0 Actualit\u00e9s au T2-2024 Directive sur le reporting d\u00e9veloppement durable des entreprises\u00a0: \u2192 Un nouveau chapitre dans le reporting d\u2019entreprise La directive CSRD (Corporate Sustainability Reporting Directive) de l&rsquo;Union europ\u00e9enne marque un tournant dans le reporting d\u00e9veloppement durable et, avec l&rsquo;introduction de cette directive \u00e0 partir de janvier 2024, fixe de nouvelles normes en mati\u00e8re&hellip;<\/p>\n<p class=\"more\"><a class=\"more-link\" href=\"https:\/\/www.haas-co.de\/fr\/actuel\/\">Continue reading <span class=\"screen-reader-text\">Actuel<\/span><\/a><\/p>\n","protected":false},"author":1,"featured_media":0,"parent":0,"menu_order":0,"comment_status":"closed","ping_status":"closed","template":"page-templates\/narrow.php","meta":{"footnotes":""},"class_list":["post-22","page","type-page","status-publish","hentry","entry"],"_links":{"self":[{"href":"https:\/\/www.haas-co.de\/fr\/wp-json\/wp\/v2\/pages\/22","targetHints":{"allow":["GET"]}}],"collection":[{"href":"https:\/\/www.haas-co.de\/fr\/wp-json\/wp\/v2\/pages"}],"about":[{"href":"https:\/\/www.haas-co.de\/fr\/wp-json\/wp\/v2\/types\/page"}],"author":[{"embeddable":true,"href":"https:\/\/www.haas-co.de\/fr\/wp-json\/wp\/v2\/users\/1"}],"replies":[{"embeddable":true,"href":"https:\/\/www.haas-co.de\/fr\/wp-json\/wp\/v2\/comments?post=22"}],"version-history":[{"count":8,"href":"https:\/\/www.haas-co.de\/fr\/wp-json\/wp\/v2\/pages\/22\/revisions"}],"predecessor-version":[{"id":170,"href":"https:\/\/www.haas-co.de\/fr\/wp-json\/wp\/v2\/pages\/22\/revisions\/170"}],"wp:attachment":[{"href":"https:\/\/www.haas-co.de\/fr\/wp-json\/wp\/v2\/media?parent=22"}],"curies":[{"name":"wp","href":"https:\/\/api.w.org\/{rel}","templated":true}]}}