{"id":20,"date":"2024-01-17T21:43:11","date_gmt":"2024-01-17T20:43:11","guid":{"rendered":"https:\/\/www.haas-co.de\/fr\/?page_id=20"},"modified":"2024-02-07T11:44:16","modified_gmt":"2024-02-07T10:44:16","slug":"informations-didentification","status":"publish","type":"page","link":"https:\/\/www.haas-co.de\/fr\/informations-didentification\/","title":{"rendered":"R\u00e9f\u00e9rences"},"content":{"rendered":"\n<p style=\"background: white; margin: 0cm 0cm 18.0pt 0cm;\"><span style=\"font-size: 20px;\">Sur demande, nous pouvons \u00e9changer sur les projets, activit\u00e9s et autres services r\u00e9alis\u00e9s pour nos r\u00e9f\u00e9rences.<\/span><\/p>\n\n\n<div id=\"pl-gb20-69e0289563582\"  class=\"panel-layout\" ><div id=\"pg-gb20-69e0289563582-0\"  class=\"panel-grid panel-no-style\" ><div id=\"pgc-gb20-69e0289563582-0-0\"  class=\"panel-grid-cell\" ><div id=\"panel-gb20-69e0289563582-0-0-0\" class=\"so-panel widget widget_sow-image-grid panel-first-child panel-last-child\" data-index=\"0\" ><div\n\t\t\t\n\t\t\tclass=\"so-widget-sow-image-grid so-widget-sow-image-grid-default-8bf08a9600e8-20\"\n\t\t\t\n\t\t>\t<div\n\t\tclass=\"sow-image-grid-wrapper\"\n\t\t\t\t\t>\n\t\t\t\t\t<div class=\"sow-image-grid-image\">\n\t\t\t\t\t\t\t\t\t\t\t\t<img loading=\"lazy\" decoding=\"async\" width=\"150\" height=\"150\" src=\"https:\/\/www.haas-co.de\/fr\/wp-content\/uploads\/sites\/3\/2024\/01\/staehle_FR-150x150.png\" class=\"sow-image-grid-image_html\" alt=\"\" title=\"\" srcset=\"https:\/\/www.haas-co.de\/fr\/wp-content\/uploads\/sites\/3\/2024\/01\/staehle_FR-150x150.png 150w, https:\/\/www.haas-co.de\/fr\/wp-content\/uploads\/sites\/3\/2024\/01\/staehle_FR.png 300w\" sizes=\"auto, (max-width: 150px) 100vw, 150px\" \/>\t\t\t\t\t\t\t\t\t\t\t<\/div>\n\t\t\t\t\t<div class=\"sow-image-grid-image\">\n\t\t\t\t\t\t\t\t\t\t\t\t<img loading=\"lazy\" decoding=\"async\" width=\"150\" height=\"150\" src=\"https:\/\/www.haas-co.de\/fr\/wp-content\/uploads\/sites\/3\/2024\/01\/Reiff_FR-150x150.png\" class=\"sow-image-grid-image_html\" alt=\"\" title=\"\" srcset=\"https:\/\/www.haas-co.de\/fr\/wp-content\/uploads\/sites\/3\/2024\/01\/Reiff_FR-150x150.png 150w, https:\/\/www.haas-co.de\/fr\/wp-content\/uploads\/sites\/3\/2024\/01\/Reiff_FR.png 300w\" sizes=\"auto, (max-width: 150px) 100vw, 150px\" \/>\t\t\t\t\t\t\t\t\t\t\t<\/div>\n\t\t\t\t\t<div class=\"sow-image-grid-image\">\n\t\t\t\t\t\t\t\t\t\t\t\t<img loading=\"lazy\" decoding=\"async\" width=\"150\" height=\"150\" src=\"https:\/\/www.haas-co.de\/fr\/wp-content\/uploads\/sites\/3\/2024\/01\/Liechti_FR-150x150.png\" class=\"sow-image-grid-image_html\" alt=\"\" title=\"\" srcset=\"https:\/\/www.haas-co.de\/fr\/wp-content\/uploads\/sites\/3\/2024\/01\/Liechti_FR-150x150.png 150w, https:\/\/www.haas-co.de\/fr\/wp-content\/uploads\/sites\/3\/2024\/01\/Liechti_FR.png 300w\" sizes=\"auto, (max-width: 150px) 100vw, 150px\" \/>\t\t\t\t\t\t\t\t\t\t\t<\/div>\n\t\t\t\t\t<div class=\"sow-image-grid-image\">\n\t\t\t\t\t\t\t\t\t\t\t\t<img loading=\"lazy\" decoding=\"async\" width=\"150\" height=\"150\" src=\"https:\/\/www.haas-co.de\/fr\/wp-content\/uploads\/sites\/3\/2024\/01\/keppler_FR-150x150.png\" class=\"sow-image-grid-image_html\" alt=\"\" title=\"\" srcset=\"https:\/\/www.haas-co.de\/fr\/wp-content\/uploads\/sites\/3\/2024\/01\/keppler_FR-150x150.png 150w, https:\/\/www.haas-co.de\/fr\/wp-content\/uploads\/sites\/3\/2024\/01\/keppler_FR.png 300w\" sizes=\"auto, (max-width: 150px) 100vw, 150px\" \/>\t\t\t\t\t\t\t\t\t\t\t<\/div>\n\t\t\t\t\t<div class=\"sow-image-grid-image\">\n\t\t\t\t\t\t\t\t\t\t\t\t<img loading=\"lazy\" decoding=\"async\" width=\"150\" height=\"150\" src=\"https:\/\/www.haas-co.de\/fr\/wp-content\/uploads\/sites\/3\/2024\/01\/Kallfass_FR-150x150.png\" class=\"sow-image-grid-image_html\" alt=\"\" title=\"\" srcset=\"https:\/\/www.haas-co.de\/fr\/wp-content\/uploads\/sites\/3\/2024\/01\/Kallfass_FR-150x150.png 150w, https:\/\/www.haas-co.de\/fr\/wp-content\/uploads\/sites\/3\/2024\/01\/Kallfass_FR.png 300w\" sizes=\"auto, (max-width: 150px) 100vw, 150px\" \/>\t\t\t\t\t\t\t\t\t\t\t<\/div>\n\t\t\t\t\t<div class=\"sow-image-grid-image\">\n\t\t\t\t\t\t\t\t\t\t\t\t<img loading=\"lazy\" decoding=\"async\" width=\"150\" height=\"150\" src=\"https:\/\/www.haas-co.de\/fr\/wp-content\/uploads\/sites\/3\/2024\/01\/Hubl_FR-150x150.png\" class=\"sow-image-grid-image_html\" alt=\"\" title=\"\" srcset=\"https:\/\/www.haas-co.de\/fr\/wp-content\/uploads\/sites\/3\/2024\/01\/Hubl_FR-150x150.png 150w, https:\/\/www.haas-co.de\/fr\/wp-content\/uploads\/sites\/3\/2024\/01\/Hubl_FR.png 300w\" sizes=\"auto, (max-width: 150px) 100vw, 150px\" \/>\t\t\t\t\t\t\t\t\t\t\t<\/div>\n\t\t\t\t\t<div class=\"sow-image-grid-image\">\n\t\t\t\t\t\t\t\t\t\t\t\t<img loading=\"lazy\" decoding=\"async\" width=\"150\" height=\"150\" src=\"https:\/\/www.haas-co.de\/fr\/wp-content\/uploads\/sites\/3\/2024\/01\/Hager_FR-150x150.png\" class=\"sow-image-grid-image_html\" alt=\"\" title=\"\" srcset=\"https:\/\/www.haas-co.de\/fr\/wp-content\/uploads\/sites\/3\/2024\/01\/Hager_FR-150x150.png 150w, https:\/\/www.haas-co.de\/fr\/wp-content\/uploads\/sites\/3\/2024\/01\/Hager_FR.png 300w\" sizes=\"auto, (max-width: 150px) 100vw, 150px\" \/>\t\t\t\t\t\t\t\t\t\t\t<\/div>\n\t\t\t\t\t<div class=\"sow-image-grid-image\">\n\t\t\t\t\t\t\t\t\t\t\t\t<img loading=\"lazy\" decoding=\"async\" width=\"150\" height=\"150\" src=\"https:\/\/www.haas-co.de\/fr\/wp-content\/uploads\/sites\/3\/2024\/01\/columbus_FR-150x150.png\" class=\"sow-image-grid-image_html\" alt=\"\" title=\"\" srcset=\"https:\/\/www.haas-co.de\/fr\/wp-content\/uploads\/sites\/3\/2024\/01\/columbus_FR-150x150.png 150w, https:\/\/www.haas-co.de\/fr\/wp-content\/uploads\/sites\/3\/2024\/01\/columbus_FR.png 300w\" sizes=\"auto, (max-width: 150px) 100vw, 150px\" \/>\t\t\t\t\t\t\t\t\t\t\t<\/div>\n\t\t\t\t\t<div class=\"sow-image-grid-image\">\n\t\t\t\t\t\t\t\t\t\t\t\t<img loading=\"lazy\" decoding=\"async\" width=\"150\" height=\"150\" src=\"https:\/\/www.haas-co.de\/fr\/wp-content\/uploads\/sites\/3\/2024\/01\/Burkhardt_FR-150x150.png\" class=\"sow-image-grid-image_html\" alt=\"\" title=\"\" srcset=\"https:\/\/www.haas-co.de\/fr\/wp-content\/uploads\/sites\/3\/2024\/01\/Burkhardt_FR-150x150.png 150w, https:\/\/www.haas-co.de\/fr\/wp-content\/uploads\/sites\/3\/2024\/01\/Burkhardt_FR.png 300w\" sizes=\"auto, (max-width: 150px) 100vw, 150px\" \/>\t\t\t\t\t\t\t\t\t\t\t<\/div>\n\t\t\t<\/div>\n<\/div><\/div><\/div><\/div><\/div>\n\n<div id=\"pl-gb20-69e028956448e\"  class=\"panel-layout\" ><div id=\"pg-gb20-69e028956448e-0\"  class=\"panel-grid panel-no-style\" ><div id=\"pgc-gb20-69e028956448e-0-0\"  class=\"panel-grid-cell panel-grid-cell-empty\" ><\/div><div id=\"pgc-gb20-69e028956448e-0-1\"  class=\"panel-grid-cell panel-grid-cell-mobile-last\" ><div id=\"panel-gb20-69e028956448e-0-1-0\" class=\"so-panel widget widget_sow-slider panel-first-child panel-last-child\" data-index=\"0\" ><div\n\t\t\t\n\t\t\tclass=\"so-widget-sow-slider so-widget-sow-slider-default-6d39609536fd-20\"\n\t\t\t\n\t\t>\t\t\t\t<div class=\"sow-slider-base\" style=\"display: none\" tabindex=\"0\">\n\t\t\t\t\t<ul\n\t\t\t\t\tclass=\"sow-slider-images\"\n\t\t\t\t\tdata-settings=\"{&quot;pagination&quot;:true,&quot;speed&quot;:800,&quot;timeout&quot;:3000,&quot;paused&quot;:false,&quot;pause_on_hover&quot;:false,&quot;swipe&quot;:true,&quot;nav_always_show_desktop&quot;:&quot;&quot;,&quot;nav_always_show_mobile&quot;:&quot;&quot;,&quot;breakpoint&quot;:&quot;780px&quot;,&quot;unmute&quot;:false,&quot;anchor&quot;:null}\"\n\t\t\t\t\t\t\t\t\t\tdata-anchor-id=\"\"\n\t\t\t\t>\t\t<li class=\"sow-slider-image\" style=\"visibility: visible;\" >\n\t\t\t\t\t\t<img loading=\"lazy\" decoding=\"async\" width=\"300\" height=\"181\" src=\"https:\/\/www.haas-co.de\/fr\/wp-content\/uploads\/sites\/3\/2024\/01\/carte-de-visite-Gerd-Haas_005_FR.jpg\" class=\"sow-slider-background-image\" alt=\"\" style=\"\" \/>\t\t<\/li>\n\t\t\t\t<li class=\"sow-slider-image\" style=\"visibility: hidden;\" >\n\t\t\t\t\t\t<img loading=\"lazy\" decoding=\"async\" width=\"300\" height=\"181\" src=\"https:\/\/www.haas-co.de\/fr\/wp-content\/uploads\/sites\/3\/2024\/01\/carte-de-visite-Gerd-Haas_004_FR.jpg\" class=\"sow-slider-background-image\" alt=\"\" style=\"\" \/>\t\t<\/li>\n\t\t\t\t<li class=\"sow-slider-image\" style=\"visibility: hidden;\" >\n\t\t\t\t\t\t<img loading=\"lazy\" decoding=\"async\" width=\"300\" height=\"181\" src=\"https:\/\/www.haas-co.de\/fr\/wp-content\/uploads\/sites\/3\/2024\/01\/carte-de-visite-Gerd-Haas_003_FR.jpg\" class=\"sow-slider-background-image\" alt=\"\" style=\"\" \/>\t\t<\/li>\n\t\t\t\t<li class=\"sow-slider-image\" style=\"visibility: hidden;\" >\n\t\t\t\t\t\t<img loading=\"lazy\" decoding=\"async\" width=\"300\" height=\"181\" src=\"https:\/\/www.haas-co.de\/fr\/wp-content\/uploads\/sites\/3\/2024\/01\/carte-de-visite-Gerd-Haas_002_FR.jpg\" class=\"sow-slider-background-image\" alt=\"\" style=\"\" \/>\t\t<\/li>\n\t\t\t\t<li class=\"sow-slider-image\" style=\"visibility: hidden;\" >\n\t\t\t\t\t\t<img loading=\"lazy\" decoding=\"async\" width=\"300\" height=\"181\" src=\"https:\/\/www.haas-co.de\/fr\/wp-content\/uploads\/sites\/3\/2024\/01\/carte-de-visite-Gerd-Haas_001_FR.jpg\" class=\"sow-slider-background-image\" alt=\"\" style=\"\" \/>\t\t<\/li>\n\t\t<\/ul>\t\t\t\t<ol class=\"sow-slider-pagination\">\n\t\t\t\t\t\t\t\t\t\t\t<li><a href=\"#\" data-goto=\"0\" aria-label=\"Display slide 1\"><\/a><\/li>\n\t\t\t\t\t\t\t\t\t\t\t<li><a href=\"#\" data-goto=\"1\" aria-label=\"Display slide 2\"><\/a><\/li>\n\t\t\t\t\t\t\t\t\t\t\t<li><a href=\"#\" data-goto=\"2\" aria-label=\"Display slide 3\"><\/a><\/li>\n\t\t\t\t\t\t\t\t\t\t\t<li><a href=\"#\" data-goto=\"3\" aria-label=\"Display slide 4\"><\/a><\/li>\n\t\t\t\t\t\t\t\t\t\t\t<li><a href=\"#\" data-goto=\"4\" aria-label=\"Display slide 5\"><\/a><\/li>\n\t\t\t\t\t\t\t\t\t<\/ol>\n\n\t\t\t\t<div class=\"sow-slide-nav sow-slide-nav-next\">\n\t\t\t\t\t<a href=\"#\" data-goto=\"next\" aria-label=\"Next slide\" data-action=\"next\">\n\t\t\t\t\t\t<em class=\"sow-sld-icon-thin-right\"><\/em>\n\t\t\t\t\t<\/a>\n\t\t\t\t<\/div>\n\n\t\t\t\t<div class=\"sow-slide-nav sow-slide-nav-prev\">\n\t\t\t\t\t<a href=\"#\" data-goto=\"previous\" aria-label=\"Previous slide\" data-action=\"prev\">\n\t\t\t\t\t\t<em class=\"sow-sld-icon-thin-left\"><\/em>\n\t\t\t\t\t<\/a>\n\t\t\t\t<\/div>\n\t\t\t\t<\/div><\/div><\/div><\/div><div id=\"pgc-gb20-69e028956448e-0-2\"  class=\"panel-grid-cell panel-grid-cell-empty\" ><\/div><\/div><\/div>","protected":false},"excerpt":{"rendered":"<p>Sur demande, nous pouvons \u00e9changer sur les projets, activit\u00e9s et autres services r\u00e9alis\u00e9s pour nos r\u00e9f\u00e9rences.<\/p>\n","protected":false},"author":1,"featured_media":0,"parent":0,"menu_order":0,"comment_status":"closed","ping_status":"closed","template":"","meta":{"footnotes":""},"class_list":["post-20","page","type-page","status-publish","hentry","entry"],"_links":{"self":[{"href":"https:\/\/www.haas-co.de\/fr\/wp-json\/wp\/v2\/pages\/20","targetHints":{"allow":["GET"]}}],"collection":[{"href":"https:\/\/www.haas-co.de\/fr\/wp-json\/wp\/v2\/pages"}],"about":[{"href":"https:\/\/www.haas-co.de\/fr\/wp-json\/wp\/v2\/types\/page"}],"author":[{"embeddable":true,"href":"https:\/\/www.haas-co.de\/fr\/wp-json\/wp\/v2\/users\/1"}],"replies":[{"embeddable":true,"href":"https:\/\/www.haas-co.de\/fr\/wp-json\/wp\/v2\/comments?post=20"}],"version-history":[{"count":13,"href":"https:\/\/www.haas-co.de\/fr\/wp-json\/wp\/v2\/pages\/20\/revisions"}],"predecessor-version":[{"id":137,"href":"https:\/\/www.haas-co.de\/fr\/wp-json\/wp\/v2\/pages\/20\/revisions\/137"}],"wp:attachment":[{"href":"https:\/\/www.haas-co.de\/fr\/wp-json\/wp\/v2\/media?parent=20"}],"curies":[{"name":"wp","href":"https:\/\/api.w.org\/{rel}","templated":true}]}}