{"id":116,"date":"2024-01-18T11:57:17","date_gmt":"2024-01-18T10:57:17","guid":{"rendered":"https:\/\/www.haas-co.de\/fr\/?page_id=116"},"modified":"2024-01-18T11:58:50","modified_gmt":"2024-01-18T10:58:50","slug":"imprimer","status":"publish","type":"page","link":"https:\/\/www.haas-co.de\/fr\/imprimer\/","title":{"rendered":"Imprimer"},"content":{"rendered":"\n<p><strong><span>Identification du fournisseur<\/span><\/strong><\/p>\n<p><strong><span>Haas &amp; Co. GmbH<\/span><\/strong><\/p>\n<p><span>Schleifm\u00fchleweg 94<\/span><\/p>\n<p><span>72070 Tubingue<\/span><\/p>\n<p><span>T\u00e9l\u00e9phone : 07071 \/ 77 08 42<\/span><br \/><span>Fax : 07071 \/ 77 08 43<\/span><br \/><span>Portable : 0172 \/ 8612291<\/span><\/p>\n<p><span>E-mail : wir@gewinne-einkaufen.de<\/span><\/p>\n<p><span>Gerd Haas : directeur g\u00e9n\u00e9ral<\/span><br \/><span>gerd.haas@gewinne-einkaufen.de<\/span><\/p>\n<p><span>Num\u00e9ro d&rsquo;identification de taxe sur les ventes conform\u00e9ment \u00e0 l&rsquo;article 27 a de la loi sur la taxe sur les ventes : DE194518918<\/span><\/p>\n<p><span>Responsable du contenu : Gerd Haas<\/span><\/p>\n<p><strong><span>H\u00e9bergement \/ Programmation \/ Conception<\/span><\/strong><br \/><span>Ale Zea<\/span><\/p>\n<p><span><span class=\"VIpgJd-yAWNEb-VIpgJd-fmcmS-sn54Q\">Mention de responsabilit\u00e9 : Malgr\u00e9 un contr\u00f4le minutieux du contenu, nous n&rsquo;assumons aucune responsabilit\u00e9<\/span><\/span><br \/><span><span class=\"VIpgJd-yAWNEb-VIpgJd-fmcmS-sn54Q\">pour le contenu des liens externes.\u00a0<\/span>Les op\u00e9rateurs sont seuls responsables du contenu des pages li\u00e9es.<\/span><\/p>\n","protected":false},"excerpt":{"rendered":"<p>Identification du fournisseur Haas &amp; Co. GmbH Schleifm\u00fchleweg 94 72070 Tubingue T\u00e9l\u00e9phone : 07071 \/ 77 08 42Fax : 07071 \/ 77 08 43Portable : 0172 \/ 8612291 E-mail : wir@gewinne-einkaufen.de Gerd Haas : directeur g\u00e9n\u00e9ralgerd.haas@gewinne-einkaufen.de Num\u00e9ro d&rsquo;identification de taxe sur les ventes conform\u00e9ment \u00e0 l&rsquo;article 27 a de la loi sur la taxe sur&hellip;<\/p>\n<p class=\"more\"><a class=\"more-link\" href=\"https:\/\/www.haas-co.de\/fr\/imprimer\/\">Continue reading <span class=\"screen-reader-text\">Imprimer<\/span><\/a><\/p>\n","protected":false},"author":1,"featured_media":0,"parent":0,"menu_order":0,"comment_status":"closed","ping_status":"closed","template":"","meta":{"footnotes":""},"class_list":["post-116","page","type-page","status-publish","hentry","entry"],"_links":{"self":[{"href":"https:\/\/www.haas-co.de\/fr\/wp-json\/wp\/v2\/pages\/116","targetHints":{"allow":["GET"]}}],"collection":[{"href":"https:\/\/www.haas-co.de\/fr\/wp-json\/wp\/v2\/pages"}],"about":[{"href":"https:\/\/www.haas-co.de\/fr\/wp-json\/wp\/v2\/types\/page"}],"author":[{"embeddable":true,"href":"https:\/\/www.haas-co.de\/fr\/wp-json\/wp\/v2\/users\/1"}],"replies":[{"embeddable":true,"href":"https:\/\/www.haas-co.de\/fr\/wp-json\/wp\/v2\/comments?post=116"}],"version-history":[{"count":2,"href":"https:\/\/www.haas-co.de\/fr\/wp-json\/wp\/v2\/pages\/116\/revisions"}],"predecessor-version":[{"id":118,"href":"https:\/\/www.haas-co.de\/fr\/wp-json\/wp\/v2\/pages\/116\/revisions\/118"}],"wp:attachment":[{"href":"https:\/\/www.haas-co.de\/fr\/wp-json\/wp\/v2\/media?parent=116"}],"curies":[{"name":"wp","href":"https:\/\/api.w.org\/{rel}","templated":true}]}}