{"id":113,"date":"2024-01-18T11:56:06","date_gmt":"2024-01-18T10:56:06","guid":{"rendered":"https:\/\/www.haas-co.de\/fr\/?page_id=113"},"modified":"2024-01-18T11:56:37","modified_gmt":"2024-01-18T10:56:37","slug":"protection-des-donnees","status":"publish","type":"page","link":"https:\/\/www.haas-co.de\/fr\/protection-des-donnees\/","title":{"rendered":"Protection des donn\u00e9es"},"content":{"rendered":"\n<p><strong><span><span class=\"\">Objet de cette d\u00e9claration de protection des donn\u00e9es :<\/span><\/span><\/strong><\/p>\n<p>\u00a0<br \/><span>La protection de vos donn\u00e9es personnelles nous tient \u00e0 c\u0153ur, c&rsquo;est pourquoi nous respectons strictement les r\u00e9glementations en mati\u00e8re de protection des donn\u00e9es, en particulier le r\u00e8glement g\u00e9n\u00e9ral sur la protection des donn\u00e9es (RGPD) ainsi que les lois f\u00e9d\u00e9rales et \u00e9tatiques sur la protection des donn\u00e9es.<\/span><\/p>\n<p><span>Ci-dessous, nous vous informerons sur le stockage des donn\u00e9es, le type de donn\u00e9es et leur finalit\u00e9 ainsi que les mesures de protection prises.<\/span><br \/><br \/><span>Les donn\u00e9es personnelles comprennent toutes les donn\u00e9es contenant des informations sur la situation personnelle ou factuelle d&rsquo;une personne sp\u00e9cifique ou identifiable.\u00a0Cela inclut, par exemple, le nom, l&rsquo;adresse du domicile, la date de naissance, l&rsquo;adresse e-mail ou le num\u00e9ro de t\u00e9l\u00e9phone.<\/span><\/p>\n<p><span>Nous traitons vos donn\u00e9es personnelles de mani\u00e8re confidentielle et conform\u00e9ment aux dispositions l\u00e9gales en mati\u00e8re de protection des donn\u00e9es et \u00e0 la pr\u00e9sente d\u00e9claration de protection des donn\u00e9es.\u00a0En utilisant notre site Web, vous acceptez la collecte, le traitement et l&rsquo;utilisation des donn\u00e9es comme d\u00e9crit ci-dessous.<\/span><\/p>\n<p><span>Vous pouvez utiliser notre site Web sans vous inscrire et g\u00e9n\u00e9ralement sans fournir de donn\u00e9es personnelles.\u00a0\u00c0 des fins statistiques, des donn\u00e9es qui ne sont pas directement li\u00e9es \u00e0 votre personne (par exemple, page consult\u00e9e ou nom d&rsquo;un fichier consult\u00e9, date, heure) sont stock\u00e9es sur le serveur.<\/span><\/p>\n<p><span>Dans la mesure o\u00f9 des donn\u00e9es personnelles sont collect\u00e9es sur notre site, cela se fait toujours, dans la mesure du possible, sur une base volontaire.\u00a0Ces donn\u00e9es ne seront pas transmises \u00e0 des tiers sans votre consentement expr\u00e8s.<\/span><\/p>\n<p><span>Nous attirons votre attention sur le fait que la transmission de donn\u00e9es sur Internet (par exemple lors de la communication par courrier \u00e9lectronique) peut pr\u00e9senter des failles de s\u00e9curit\u00e9.\u00a0Une protection compl\u00e8te des donn\u00e9es contre l&rsquo;acc\u00e8s par des tiers n&rsquo;est pas possible.<\/span><\/p>\n<p><strong><span>Organisme responsable\/prestataire de services\u00a0:<\/span><\/strong><\/p>\n<p><span>L&rsquo;organisme responsable au sens de la loi sur la protection des donn\u00e9es est\u00a0:<\/span><\/p>\n<p><span>Haas &amp; Co. GmbH<\/span><br \/><span>Am Weilersbach 20<\/span><br \/><span>72070 T\u00fcbingen<\/span><\/p>\n<p><span>E-mail : info@haas-beschaffensmanagement.de<\/span><\/p>\n<p><span>Directeur g\u00e9n\u00e9ral : M. Gerd Haas<\/span><\/p>\n<p><span>Les questions ou commentaires concernant cette d\u00e9claration de protection des donn\u00e9es ou la protection des donn\u00e9es en g\u00e9n\u00e9ral peuvent \u00eatre adress\u00e9s \u00e0 l&rsquo;adresse e-mail suivante : info@haas-beschaffensmanagement.de<\/span><\/p>\n<p><strong><span>Collecte et utilisation de vos donn\u00e9es :<\/span><\/strong><\/p>\n<p><span>L&rsquo;\u00e9tendue et le type de collecte\/utilisation de vos donn\u00e9es d\u00e9pendent du fait que vous visitez notre site Web uniquement pour acc\u00e9der \u00e0 des informations ou pour utiliser les services que nous proposons.<\/span><\/p>\n<p><span>Utilisation informative :<\/span><br \/><span>Si notre site Web est utilis\u00e9 uniquement \u00e0 des fins informatives, seules les donn\u00e9es automatiquement transmises par votre navigateur Internet seront collect\u00e9es et utilis\u00e9es :<\/span><\/p>\n<ul>\n<li><span>Date et heure d&rsquo;acc\u00e8s \u00e0 l&rsquo;un de nos sites Internet<\/span><\/li>\n<li><span>Votre type de navigateur<\/span><\/li>\n<li><span>les param\u00e8tres du navigateur<\/span><\/li>\n<li><span>le syst\u00e8me d&rsquo;exploitation utilis\u00e9<\/span><\/li>\n<li><span>la derni\u00e8re page que vous avez visit\u00e9e<\/span><\/li>\n<li><span>la quantit\u00e9 de donn\u00e9es transf\u00e9r\u00e9es et le statut d&rsquo;acc\u00e8s (fichier transf\u00e9r\u00e9, fichier introuvable, etc.) ainsi que<\/span><\/li>\n<li><span>Votre adresse IP.<\/span><\/li>\n<\/ul>\n<p><span>Ces donn\u00e9es sont stock\u00e9es s\u00e9par\u00e9ment de toute autre donn\u00e9e que vous pourriez nous fournir.\u00a0Ils ne peuvent pas \u00eatre attribu\u00e9s \u00e0 des personnes sp\u00e9cifiques et nous ne les combinons pas avec des donn\u00e9es provenant d&rsquo;autres sources de donn\u00e9es.\u00a0Ils sont \u00e9valu\u00e9s uniquement \u00e0 des fins statistiques afin d&rsquo;optimiser notre site Internet et sont supprim\u00e9s apr\u00e8s \u00e9valuation. \u00a0<\/span><\/p>\n<p><span>R\u00e9pondre \u00e0 vos questions par e-mail\u00a0:<\/span><br \/><span>Si vous nous contactez par e-mail, nous enregistrerons votre adresse e-mail pour r\u00e9pondre \u00e0 vos demandes, pour des communications ult\u00e9rieures et pour l&rsquo;administration technique.<\/span><\/p>\n<p><strong><span>S\u00e9curit\u00e9 des donn\u00e9es:<\/span><\/strong><\/p>\n<p><span>Nous nous effor\u00e7ons de prot\u00e9ger vos donn\u00e9es personnelles g\u00e9n\u00e9r\u00e9es ou collect\u00e9es en prenant des mesures techniques et organisationnelles appropri\u00e9es afin qu&rsquo;elles ne soient pas accessibles \u00e0 des tiers et soient prot\u00e9g\u00e9es contre la manipulation et la perte.\u00a0Ces mesures de s\u00e9curit\u00e9 sont continuellement adapt\u00e9es en fonction des progr\u00e8s technologiques.<\/span><\/p>\n<p><span>Ce site utilise pour des raisons de s\u00e9curit\u00e9 et pour prot\u00e9ger la transmission de contenus confidentiels, tels que :\u00a0B. les demandes que vous nous envoyez en tant qu&rsquo;exploitant du site n\u00e9cessitent un cryptage SSL.\u00a0Vous pouvez reconna\u00eetre une connexion crypt\u00e9e gr\u00e2ce \u00e0 la ligne d&rsquo;adresse du navigateur qui passe de \u00ab http:\/\/ \u00bb \u00e0 \u00ab https:\/\/ \u00bb et au symbole de cadenas dans la ligne de votre navigateur.<\/span><\/p>\n<p><span>Si le cryptage SSL est activ\u00e9, les donn\u00e9es que vous me transmettez ne pourront pas \u00eatre lues par des tiers.<\/span><\/p>\n<p><strong><span>Dur\u00e9e de conservation des donn\u00e9es\u00a0:<\/span><\/strong><\/p>\n<p><span>Vos donn\u00e9es personnelles ne seront stock\u00e9es\/conserv\u00e9es que le temps n\u00e9cessaire \u00e0 la fourniture de nos services.<\/span><\/p>\n<p><strong><span>Droit \u00e0 l\u2019information, \u00e0 la suppression, au blocage :<\/span><\/strong><\/p>\n<p><span>Vous avez \u00e0 tout moment le droit d&rsquo;\u00eatre inform\u00e9 gratuitement de vos donn\u00e9es personnelles stock\u00e9es, de leur origine, de leur destinataire et de la finalit\u00e9 du traitement des donn\u00e9es, ainsi que du droit de rectifier, de bloquer et de supprimer ces donn\u00e9es.\u00a0Vous pouvez nous contacter \u00e0 tout moment \u00e0 l&rsquo;adresse indiqu\u00e9e dans les mentions l\u00e9gales \u00e0 cet effet ou pour d&rsquo;autres questions au sujet des donn\u00e9es personnelles.<\/span><\/p>\n<p><span>Nous attirons votre attention sur le fait que vous pouvez \u00e0 tout moment r\u00e9voquer votre consentement en mati\u00e8re de protection des donn\u00e9es avec effet pour l&rsquo;avenir.<\/span><br \/><span>Vous pouvez \u00e9galement vous opposer \u00e0 tout moment \u00e0 toute cr\u00e9ation de profils d&rsquo;utilisateur \u00e0 des fins d&rsquo;\u00e9tudes de march\u00e9 et pour une conception adapt\u00e9e aux besoins de notre site Internet dans le cadre de cette d\u00e9claration de protection des donn\u00e9es.<\/span><br \/><span>Vous avez \u00e9galement la possibilit\u00e9 de demander des informations sur les donn\u00e9es stock\u00e9es \u00e0 votre sujet, y compris l&rsquo;origine de ces donn\u00e9es et les destinataires auxquels les donn\u00e9es sont transmises, ainsi que la finalit\u00e9 du stockage.<\/span><br \/><span>Pour ce faire, vous pouvez nous contacter par email \u00e0 l&rsquo;adresse indiqu\u00e9e dans les mentions l\u00e9gales.<\/span><\/p>\n<p><strong><span>Utilisation de cookies :<\/span><\/strong><\/p>\n<p><span>Ce site utilise des cookies.\u00a0Les cookies sont de petits fichiers texte qui peuvent \u00eatre utilis\u00e9s pour stocker des informations sp\u00e9cifiques relatives \u00e0 l&rsquo;utilisateur sur l&rsquo;appareil de l&rsquo;utilisateur pendant qu&rsquo;il utilise le site Web.\u00a0Par exemple, les cookies permettent de d\u00e9terminer la fr\u00e9quence d&rsquo;utilisation et le nombre d&rsquo;utilisateurs des pages ou d&rsquo;analyser le comportement lors de l&rsquo;utilisation de la page.\u00a0Les cookies restent stock\u00e9s au-del\u00e0 de la fin d&rsquo;une session de navigateur et sont \u00e0 nouveau accessibles lors d&rsquo;un nouvel acc\u00e8s \u00e0 la page.<\/span><\/p>\n<p><span>L&rsquo;adresse IP est anonymis\u00e9e imm\u00e9diatement apr\u00e8s le traitement et avant le stockage.\u00a0<\/span><br \/><span>Nous ne collectons ni ne stockons de donn\u00e9es personnelles dans des cookies dans ce contexte.\u00a0Nous n&rsquo;utilisons pas non plus de technologies combinant les informations g\u00e9n\u00e9r\u00e9es par les cookies avec les donn\u00e9es des utilisateurs.<\/span><br \/><span>Vous pouvez emp\u00eacher l&rsquo;installation de cookies en configurant votre logiciel de navigation en cons\u00e9quence ;\u00a0Nous attirons toutefois votre attention sur le fait que dans ce cas, vous ne pourrez peut-\u00eatre pas utiliser pleinement toutes les fonctions de ce site Internet.<\/span><\/p>\n<p><strong><span>Utilisation de Google Analytics\u00a0:<\/span><\/strong><\/p>\n<p><span>Ce site Web utilise Google Analytics.\u00a0Google Analytics est un service d&rsquo;analyse Web propos\u00e9 par Google Inc., 1600 Amphitheatre Parkway, Mountain View, CA 94043, \u00c9tats-Unis.\u00a0Pour d\u00e9sactiver Google Analytics, Google propose un plug-in de navigateur \u00e0 l&rsquo;adresse http:\/\/tools.google.com\/dlpage\/gaoptout?hl=de.<\/span><\/p>\n<p><span>Google Analytics utilise des cookies.\u00a0Les cookies sont de petits fichiers texte qui peuvent \u00eatre utilis\u00e9s pour stocker des informations sp\u00e9cifiques relatives \u00e0 l&rsquo;utilisateur sur l&rsquo;appareil de l&rsquo;utilisateur pendant qu&rsquo;il utilise le site Web.\u00a0Cela permet \u00e0 Google d&rsquo;analyser l&rsquo;utilisation de notre site Internet.\u00a0Les informations collect\u00e9es par les cookies concernant l&rsquo;utilisation de nos pages, y compris l&rsquo;adresse IP de l&rsquo;utilisateur, sont r\u00e9guli\u00e8rement transmises \u00e0 un serveur de Google aux \u00c9tats-Unis et y sont stock\u00e9es.\u00a0Sur ce site Web, Google Analytics a \u00e9t\u00e9 \u00e9tendu avec le code \u00ab gat._anonymizeIp(); \u00bb pour garantir une collecte anonymis\u00e9e des adresses IP (ce que l&rsquo;on appelle le masquage IP).\u00a0Si l&rsquo;anonymisation est active, Google raccourcit les adresses IP au sein des \u00c9tats membres de l&rsquo;Union europ\u00e9enne ou dans d&rsquo;autres \u00c9tats signataires de l&rsquo;accord sur l&rsquo;Espace \u00e9conomique europ\u00e9en, c&rsquo;est pourquoi aucune conclusion ne peut \u00eatre tir\u00e9e sur votre identit\u00e9.\u00a0Ce n&rsquo;est que dans des cas exceptionnels que l&rsquo;adresse IP compl\u00e8te sera transmise \u00e0 un serveur de Google aux \u00c9tats-Unis et y sera raccourcie.\u00a0<span class=\"\">Google adh\u00e8re aux dispositions de protection des donn\u00e9es de l&rsquo;accord \u00ab\u00a0Privacy\u00a0Shield\u00a0\u00bb et est enregistr\u00e9 aupr\u00e8s du programme \u00ab\u00a0Privacy\u00a0Shield\u00a0\u00bb du minist\u00e8re am\u00e9ricain du Commerce et utilise les informations collect\u00e9es pour \u00e9valuer l&rsquo;utilisation de nos sites Web, pour pr\u00e9parer des rapports pour nous et pour nous fournir d&rsquo;autres services connexes \u00e0 fournir.\u00a0<\/span>Vous pouvez en savoir plus sur\u00a0\u00a0<\/span><a href=\"https:\/\/www.google.com\/intl\/de\/analytics\/privacyoverview.html\" target=\"_blank\" rel=\"noopener\"><span>http:\/\/www.google.com\/intl\/de\/analytics\/privacyoverview.html<\/span><\/a><span>\u00a0.<\/span><\/p>\n<p><strong><span>Objection aux e-mails publicitaires\u00a0:<\/span><\/strong><\/p>\n<p><span>L&rsquo;utilisation des coordonn\u00e9es publi\u00e9es dans le cadre de l&rsquo;obligation d&rsquo;impression pour l&rsquo;envoi de mat\u00e9riel publicitaire et d&rsquo;information non express\u00e9ment demand\u00e9 est interdite.\u00a0<span class=\"VIpgJd-yAWNEb-VIpgJd-fmcmS-sn54Q\">L&rsquo;exploitant du site se r\u00e9serve express\u00e9ment le droit d&rsquo;engager des poursuites judiciaires en cas d&rsquo;envoi d&rsquo;informations publicitaires non sollicit\u00e9es, telles que des courriers ind\u00e9sirables.<\/span><\/span><\/p>\n<p>\u00a0<\/p>\n","protected":false},"excerpt":{"rendered":"<p>Objet de cette d\u00e9claration de protection des donn\u00e9es : \u00a0La protection de vos donn\u00e9es personnelles nous tient \u00e0 c\u0153ur, c&rsquo;est pourquoi nous respectons strictement les r\u00e9glementations en mati\u00e8re de protection des donn\u00e9es, en particulier le r\u00e8glement g\u00e9n\u00e9ral sur la protection des donn\u00e9es (RGPD) ainsi que les lois f\u00e9d\u00e9rales et \u00e9tatiques sur la protection des donn\u00e9es.&hellip;<\/p>\n<p class=\"more\"><a class=\"more-link\" href=\"https:\/\/www.haas-co.de\/fr\/protection-des-donnees\/\">Continue reading <span class=\"screen-reader-text\">Protection des donn\u00e9es<\/span><\/a><\/p>\n","protected":false},"author":1,"featured_media":0,"parent":0,"menu_order":0,"comment_status":"closed","ping_status":"closed","template":"","meta":{"footnotes":""},"class_list":["post-113","page","type-page","status-publish","hentry","entry"],"_links":{"self":[{"href":"https:\/\/www.haas-co.de\/fr\/wp-json\/wp\/v2\/pages\/113","targetHints":{"allow":["GET"]}}],"collection":[{"href":"https:\/\/www.haas-co.de\/fr\/wp-json\/wp\/v2\/pages"}],"about":[{"href":"https:\/\/www.haas-co.de\/fr\/wp-json\/wp\/v2\/types\/page"}],"author":[{"embeddable":true,"href":"https:\/\/www.haas-co.de\/fr\/wp-json\/wp\/v2\/users\/1"}],"replies":[{"embeddable":true,"href":"https:\/\/www.haas-co.de\/fr\/wp-json\/wp\/v2\/comments?post=113"}],"version-history":[{"count":2,"href":"https:\/\/www.haas-co.de\/fr\/wp-json\/wp\/v2\/pages\/113\/revisions"}],"predecessor-version":[{"id":115,"href":"https:\/\/www.haas-co.de\/fr\/wp-json\/wp\/v2\/pages\/113\/revisions\/115"}],"wp:attachment":[{"href":"https:\/\/www.haas-co.de\/fr\/wp-json\/wp\/v2\/media?parent=113"}],"curies":[{"name":"wp","href":"https:\/\/api.w.org\/{rel}","templated":true}]}}